{"id":72,"date":"2018-12-14T17:38:17","date_gmt":"2018-12-14T16:38:17","guid":{"rendered":"http:\/\/perspectio.fr\/?page_id=72"},"modified":"2024-04-23T19:13:19","modified_gmt":"2024-04-23T17:13:19","slug":"accompagnement-strategique","status":"publish","type":"page","link":"https:\/\/perspectio.fr\/index.php\/accompagnement-strategique\/","title":{"rendered":"D\u00e9ployer la strat\u00e9gie"},"content":{"rendered":"\t\t<div data-elementor-type=\"wp-page\" data-elementor-id=\"72\" class=\"elementor elementor-72\">\n\t\t\t\t\t\t<section class=\"elementor-section elementor-top-section elementor-element elementor-element-c54ef83 elementor-section-boxed elementor-section-height-default elementor-section-height-default wpr-particle-no wpr-jarallax-no wpr-parallax-no wpr-sticky-section-no\" data-id=\"c54ef83\" data-element_type=\"section\">\n\t\t\t\t\t\t<div class=\"elementor-container elementor-column-gap-default\">\n\t\t\t\t\t<div class=\"elementor-column elementor-col-100 elementor-top-column elementor-element elementor-element-7dcd35da\" data-id=\"7dcd35da\" data-element_type=\"column\">\n\t\t\t<div class=\"elementor-widget-wrap elementor-element-populated\">\n\t\t\t\t\t\t<div class=\"elementor-element elementor-element-65be758 elementor-widget elementor-widget-image\" data-id=\"65be758\" data-element_type=\"widget\" data-widget_type=\"image.default\">\n\t\t\t\t<div class=\"elementor-widget-container\">\n\t\t\t\t\t\t\t\t\t\t\t\t\t\t\t<img decoding=\"async\" width=\"300\" height=\"141\" src=\"https:\/\/perspectio.fr\/wp-content\/uploads\/2024\/04\/Logo-strategie-blanc-300x141.png\" class=\"attachment-medium size-medium wp-image-11643\" alt=\"\" srcset=\"https:\/\/perspectio.fr\/wp-content\/uploads\/2024\/04\/Logo-strategie-blanc-300x141.png 300w, https:\/\/perspectio.fr\/wp-content\/uploads\/2024\/04\/Logo-strategie-blanc.png 677w\" sizes=\"(max-width: 300px) 100vw, 300px\" \/>\t\t\t\t\t\t\t\t\t\t\t\t\t\t\t<\/div>\n\t\t\t\t<\/div>\n\t\t\t\t<div class=\"elementor-element elementor-element-38735172 elementor-widget elementor-widget-text-editor\" data-id=\"38735172\" data-element_type=\"widget\" data-widget_type=\"text-editor.default\">\n\t\t\t\t<div class=\"elementor-widget-container\">\n\t\t\t\t\t\t\t\t\t<h2>Accompagnement strat\u00e9gique<\/h2>\n<h2><!-- \/wp:heading --><!-- wp:heading {\"level\":3,\"className\":\"has-text-color has-medium-font-size has-vivid-cyan-blue-color\"} --><\/h2>\n<h3>Pr\u00e9sentation<\/h3>\n<h2><!-- \/wp:heading --><\/h2>\n<p style=\"text-align: justify;\">Vous souhaitez v\u00e9rifier, r\u00e9orienter ou consolider votre strat\u00e9gie d&rsquo;entreprise. Un professionnel de l&rsquo;organisation et du management vous apportera un regard ext\u00e9rieur. Par cons\u00e9quent, votre prise de recul sera favoris\u00e9e. De plus, vous disposerez de la m\u00e9thodologie et des outils n\u00e9cessaires pour mod\u00e9liser, tester puis d\u00e9ployer efficacement votre strat\u00e9gie.<\/p>\n\n<h2><!-- wp:heading {\"level\":3,\"className\":\"has-text-color has-medium-font-size has-vivid-cyan-blue-color\"} --><\/h2>\n<h3>Modalit\u00e9s<\/h3>\n<img fetchpriority=\"high\" decoding=\"async\" src=\"https:\/\/perspectio.fr\/wp-content\/uploads\/2024\/04\/Modalites-dintervention-1024x319.png\" sizes=\"(max-width: 1024px) 100vw, 1024px\" srcset=\"https:\/\/perspectio.fr\/wp-content\/uploads\/2024\/04\/Modalites-dintervention-1024x319.png 1024w, https:\/\/perspectio.fr\/wp-content\/uploads\/2024\/04\/Modalites-dintervention-300x93.png 300w, https:\/\/perspectio.fr\/wp-content\/uploads\/2024\/04\/Modalites-dintervention-768x239.png 768w, https:\/\/perspectio.fr\/wp-content\/uploads\/2024\/04\/Modalites-dintervention.png 1156w\" alt=\"\" width=\"1024\" height=\"319\" \/>\n<!-- wp:heading -->\n<h3>Exemples d&rsquo;interventions<\/h3>\n<!-- wp:heading {\"level\":3,\"className\":\"has-text-color has-medium-font-size has-vivid-cyan-blue-color\"} --><!-- \/wp:heading -->\n<ul id=\"mce_22\" role=\"textbox\" contenteditable=\"true\" aria-label=\"R\u00e9digez une liste\u2026\" aria-autocomplete=\"list\" aria-multiline=\"true\" data-is-placeholder-visible=\"false\">\n \t<li style=\"text-align: justify;\">Formalisation d&rsquo;une vision \u00e0 moyen terme<\/li>\n \t<li style=\"text-align: justify;\">Mise en oeuvre d&rsquo;une organisation et gestion par les processus (cartographie, refonte, optimisation, pilotage)<\/li>\n \t<li style=\"text-align: justify;\">Accompagnement \u00e0 la mise en \u0153uvre et au suivi des projets (investissements, mutation informatique, conduite du changement)<\/li>\n \t<li style=\"text-align: justify;\">Assistance \u00e0 la mise en \u0153uvre de la politique commerciale<\/li>\n<\/ul>\n<p style=\"text-align: justify;\"><em>(1) En fonction de votre souhait, tous nos services peuvent se d\u00e9cliner avec diff\u00e9rents degr\u00e9s d\u2019interventions.\u00a0<\/em><\/p>\n<p style=\"text-align: justify;\"><em>Du degr\u00e9 d\u2019intervention le plus bas au plus haut\u00a0:<\/em><\/p>\n\n<ul>\n \t<li style=\"text-align: justify;\"><em>Assistance \u00e0 ma\u00eetrise d\u2019\u0153uvre\u00a0: nous vous conseillons et vous mettez seul en place le processus propos\u00e9<\/em><\/li>\n \t<li style=\"text-align: justify;\"><em>Ma\u00eetrise d\u2019\u0153uvre de conception\u00a0: les solutions sont con\u00e7ues puis vous sont transf\u00e9r\u00e9es<\/em><\/li>\n \t<li style=\"text-align: justify;\"><em>Ma\u00eetrise d\u2019\u0153uvre d\u2019op\u00e9ration\u00a0: nous assurons chez vous et avec vous la mise en oeuvre des solutions con\u00e7ues<\/em><\/li>\n<\/ul>\n<!-- wp:heading {\"level\":5} -->\n<h5>Autres domaines de comp\u00e9tences<\/h5>\n<!-- \/wp:heading --><!-- wp:table -->\n<table>\n<tbody>\n<tr>\n<td><div class=\"ich-prefix\">\r\n\r\n    \r\n    <div class=\"row wcp-fgg-wrap\" style=\"width:auto;margin-left: -10px;margin-right: -10px;\">\r\n\r\n                                <div class=\"col-1-1\" style=\"padding: 10px;\">\r\n                <div class=\"ih-item square effect7\" id=\"wcp-widget-1124-0\">\r\n    <div class=\"wcp-ih-inner\">\r\n    <a  href=\"https:\/\/perspectio.fr\/index.php\/pilotage-performance-financiere\/\" target=\"_self\">        <div class=\"img\">\r\n            <img decoding=\"async\" src=\"https:\/\/perspectio.fr\/wp-content\/uploads\/2024\/04\/Logo-pilotage-couleur.png\" title=\"Pilotage &#038; performance financi\u00e8re\" alt=\"Pilotage-et-performance-financi\u00e8re\" \/>                \r\n        <\/div>\r\n        <div class=\"info\" style=\"background-color: #2d2d2d;color:;\">\r\n            <div >\r\n                <h3 style=\"font-size:;background-color:#e07700;\">\r\n                    Pilotage &#038; performance financi\u00e8re                <\/h3>\r\n                <div class=\"bottom-caption\" style=\"text-align: auto;\">\r\n                    <p>Voir plus<img decoding=\"async\" class=\"alignnone size-full wp-image-1678\" src=\"https:\/\/perspectio.fr\/wp-content\/uploads\/2021\/06\/businessman-3300907_1920.jpg\" alt=\"\" width=\"1920\" height=\"1202\" srcset=\"https:\/\/perspectio.fr\/wp-content\/uploads\/2021\/06\/businessman-3300907_1920.jpg 1920w, https:\/\/perspectio.fr\/wp-content\/uploads\/2021\/06\/businessman-3300907_1920-300x188.jpg 300w, https:\/\/perspectio.fr\/wp-content\/uploads\/2021\/06\/businessman-3300907_1920-1024x641.jpg 1024w, https:\/\/perspectio.fr\/wp-content\/uploads\/2021\/06\/businessman-3300907_1920-768x481.jpg 768w, https:\/\/perspectio.fr\/wp-content\/uploads\/2021\/06\/businessman-3300907_1920-1536x962.jpg 1536w\" sizes=\"(max-width: 1920px) 100vw, 1920px\" \/><\/p>                <\/div>\r\n            <\/div>\r\n        <\/div>\r\n    <\/div>\r\n    <\/a><\/div>\r\n<style>\r\n    #wcp-widget-1124-0 .info h3 {\r\n        color: ;\r\n    }    \r\n    #wcp-widget-1124-0 .info .bottom-caption * {\r\n        color: ;\r\n    }    \r\n<\/style>            <\/div>\r\n            \r\n            <\/div>\r\n    \r\n\r\n    \r\n    <div class=\"clearfix\"><\/div>\r\n    \r\n<\/div><\/td>\n<td><div class=\"ich-prefix\">\r\n\r\n    \r\n    <div class=\"row wcp-fgg-wrap\" style=\"width:auto;margin-left: -10px;margin-right: -10px;\">\r\n\r\n                                <div class=\"col-1-1\" style=\"padding: 10px;\">\r\n                <div class=\"ih-item square effect7\" id=\"wcp-widget-1127-0\">\r\n    <div class=\"wcp-ih-inner\">\r\n    <a  href=\"https:\/\/perspectio.fr\/index.php\/demarche-rse\/\" target=\"_self\">        <div class=\"img\">\r\n            <img decoding=\"async\" src=\"https:\/\/perspectio.fr\/wp-content\/uploads\/2024\/04\/Logo-RSE-couleur.png\" title=\"Responsabilit\u00e9 Soci\u00e9tale\" alt=\"Prestation-D\u00e9marche RSE\" \/>                \r\n        <\/div>\r\n        <div class=\"info\" style=\"background-color: #2d2d2d;color:;\">\r\n            <div >\r\n                <h3 style=\"font-size:;background-color:#00726b;\">\r\n                    Responsabilit\u00e9 Soci\u00e9tale                <\/h3>\r\n                <div class=\"bottom-caption\" style=\"text-align: auto;\">\r\n                    <p>Voir plus<img loading=\"lazy\" decoding=\"async\" class=\"alignnone size-full wp-image-1679\" src=\"https:\/\/perspectio.fr\/wp-content\/uploads\/2021\/06\/A8L7QYB1JW.jpg\" alt=\"\" width=\"960\" height=\"640\" srcset=\"https:\/\/perspectio.fr\/wp-content\/uploads\/2021\/06\/A8L7QYB1JW.jpg 960w, https:\/\/perspectio.fr\/wp-content\/uploads\/2021\/06\/A8L7QYB1JW-300x200.jpg 300w, https:\/\/perspectio.fr\/wp-content\/uploads\/2021\/06\/A8L7QYB1JW-768x512.jpg 768w, https:\/\/perspectio.fr\/wp-content\/uploads\/2021\/06\/A8L7QYB1JW-272x182.jpg 272w\" sizes=\"(max-width: 960px) 100vw, 960px\" \/><\/p>                <\/div>\r\n            <\/div>\r\n        <\/div>\r\n    <\/div>\r\n    <\/a><\/div>\r\n<style>\r\n    #wcp-widget-1127-0 .info h3 {\r\n        color: ;\r\n    }    \r\n    #wcp-widget-1127-0 .info .bottom-caption * {\r\n        color: ;\r\n    }    \r\n<\/style>            <\/div>\r\n            \r\n            <\/div>\r\n    \r\n\r\n    \r\n    <div class=\"clearfix\"><\/div>\r\n    \r\n<\/div><\/td>\n<td><div class=\"ich-prefix\">\r\n\r\n    \r\n    <div class=\"row wcp-fgg-wrap\" style=\"width:auto;margin-left: -10px;margin-right: -10px;\">\r\n\r\n                                <div class=\"col-1-1\" style=\"padding: 10px;\">\r\n                <div class=\"ih-item square effect7\" id=\"wcp-widget-1129-0\">\r\n    <div class=\"wcp-ih-inner\">\r\n    <a  href=\"https:\/\/perspectio.fr\/index.php\/demarche-qualite\/\" target=\"_self\">        <div class=\"img\">\r\n            <img decoding=\"async\" src=\"https:\/\/perspectio.fr\/wp-content\/uploads\/2024\/04\/Logo-qualite-couleur.png\" title=\"D\u00e9marches Qualit\u00e9\" alt=\"Prestation-Qualit\u00e9\" \/>                \r\n        <\/div>\r\n        <div class=\"info\" style=\"background-color: #2d2d2d;color:;\">\r\n            <div >\r\n                <h3 style=\"font-size:;background-color:#e5c600;\">\r\n                    D\u00e9marches Qualit\u00e9                <\/h3>\r\n                <div class=\"bottom-caption\" style=\"text-align: auto;\">\r\n                    <p><img loading=\"lazy\" decoding=\"async\" class=\"alignnone size-full wp-image-1677\" src=\"https:\/\/perspectio.fr\/wp-content\/uploads\/2021\/06\/mark-516277_1920.jpg\" alt=\"\" width=\"1920\" height=\"1355\" srcset=\"https:\/\/perspectio.fr\/wp-content\/uploads\/2021\/06\/mark-516277_1920.jpg 1920w, https:\/\/perspectio.fr\/wp-content\/uploads\/2021\/06\/mark-516277_1920-300x212.jpg 300w, https:\/\/perspectio.fr\/wp-content\/uploads\/2021\/06\/mark-516277_1920-1024x723.jpg 1024w, https:\/\/perspectio.fr\/wp-content\/uploads\/2021\/06\/mark-516277_1920-768x542.jpg 768w, https:\/\/perspectio.fr\/wp-content\/uploads\/2021\/06\/mark-516277_1920-1536x1084.jpg 1536w\" sizes=\"(max-width: 1920px) 100vw, 1920px\" \/><\/p>                <\/div>\r\n            <\/div>\r\n        <\/div>\r\n    <\/div>\r\n    <\/a><\/div>\r\n<style>\r\n    #wcp-widget-1129-0 .info h3 {\r\n        color: ;\r\n    }    \r\n    #wcp-widget-1129-0 .info .bottom-caption * {\r\n        color: ;\r\n    }    \r\n<\/style>            <\/div>\r\n            \r\n            <\/div>\r\n    \r\n\r\n    \r\n    <div class=\"clearfix\"><\/div>\r\n    \r\n<\/div><\/td>\n<\/tr>\n<\/tbody>\n<\/table>\n<!-- \/wp:table -->\t\t\t\t\t\t\t\t<\/div>\n\t\t\t\t<\/div>\n\t\t\t\t\t<\/div>\n\t\t<\/div>\n\t\t\t\t\t<\/div>\n\t\t<\/section>\n\t\t\t\t<\/div>\n\t\t","protected":false},"excerpt":{"rendered":"<p>Accompagnement strat\u00e9gique Pr\u00e9sentation Vous souhaitez v\u00e9rifier, r\u00e9orienter ou consolider votre strat\u00e9gie d&rsquo;entreprise. Un professionnel de l&rsquo;organisation et du management vous apportera un regard ext\u00e9rieur. Par cons\u00e9quent, votre prise de recul sera favoris\u00e9e. De plus, vous disposerez de la m\u00e9thodologie et des outils n\u00e9cessaires pour mod\u00e9liser, tester puis d\u00e9ployer efficacement votre strat\u00e9gie. Modalit\u00e9s Exemples d&rsquo;interventions Formalisation d&rsquo;une vision \u00e0 moyen terme Mise en oeuvre d&rsquo;une organisation et gestion par les processus (cartographie, refonte, optimisation, pilotage) Accompagnement \u00e0 la mise en \u0153uvre et au suivi des projets (investissements, mutation informatique, conduite du changement) Assistance \u00e0 la mise en \u0153uvre de la politique commerciale (1) En fonction de votre souhait, tous nos services peuvent se d\u00e9cliner avec diff\u00e9rents degr\u00e9s d\u2019interventions.\u00a0 Du degr\u00e9 d\u2019intervention le plus bas au plus haut\u00a0: Assistance \u00e0 ma\u00eetrise d\u2019\u0153uvre\u00a0: nous vous conseillons et vous mettez seul en place le processus propos\u00e9 Ma\u00eetrise d\u2019\u0153uvre de conception\u00a0: les solutions sont con\u00e7ues puis vous sont transf\u00e9r\u00e9es Ma\u00eetrise d\u2019\u0153uvre d\u2019op\u00e9ration\u00a0: nous assurons chez vous et avec vous la mise en oeuvre des solutions con\u00e7ues Autres domaines de comp\u00e9tences<\/p>\n","protected":false},"author":1,"featured_media":0,"parent":0,"menu_order":0,"comment_status":"closed","ping_status":"closed","template":"","meta":{"_themeisle_gutenberg_block_has_review":false,"footnotes":""},"class_list":["post-72","page","type-page","status-publish","hentry"],"_links":{"self":[{"href":"https:\/\/perspectio.fr\/index.php\/wp-json\/wp\/v2\/pages\/72","targetHints":{"allow":["GET"]}}],"collection":[{"href":"https:\/\/perspectio.fr\/index.php\/wp-json\/wp\/v2\/pages"}],"about":[{"href":"https:\/\/perspectio.fr\/index.php\/wp-json\/wp\/v2\/types\/page"}],"author":[{"embeddable":true,"href":"https:\/\/perspectio.fr\/index.php\/wp-json\/wp\/v2\/users\/1"}],"replies":[{"embeddable":true,"href":"https:\/\/perspectio.fr\/index.php\/wp-json\/wp\/v2\/comments?post=72"}],"version-history":[{"count":15,"href":"https:\/\/perspectio.fr\/index.php\/wp-json\/wp\/v2\/pages\/72\/revisions"}],"predecessor-version":[{"id":11646,"href":"https:\/\/perspectio.fr\/index.php\/wp-json\/wp\/v2\/pages\/72\/revisions\/11646"}],"wp:attachment":[{"href":"https:\/\/perspectio.fr\/index.php\/wp-json\/wp\/v2\/media?parent=72"}],"curies":[{"name":"wp","href":"https:\/\/api.w.org\/{rel}","templated":true}]}}