{"id":70,"date":"2018-12-14T17:39:23","date_gmt":"2018-12-14T16:39:23","guid":{"rendered":"http:\/\/perspectio.fr\/?page_id=70"},"modified":"2024-04-26T15:46:35","modified_gmt":"2024-04-26T13:46:35","slug":"domaines-de-competences","status":"publish","type":"page","link":"https:\/\/perspectio.fr\/index.php\/domaines-de-competences\/","title":{"rendered":"Nos offres"},"content":{"rendered":"\n<h2 class=\"wp-block-heading has-text-align-center\">D\u00e9couvrez nos prestations<\/h2>\n\n\n<p style=\"text-align: justify;\"><strong>Le d\u00e9veloppement de vos activit\u00e9s d\u00e9pend de la capacit\u00e9 de votre structure \u00e0 s&rsquo;adapter \u00e0 son environnement.<\/strong> Pour r\u00e9pondre aux attentes de vos parties prenantes (clients, fournisseurs, salari\u00e9s, financeurs&#8230;) il est essentiel d&rsquo;adopter une organisation permettant de rationnaliser votre Syst\u00e8me de Management et de ma\u00eetriser vos risques.<\/p>\n<p>C&rsquo;est pourquoi nous vous proposons notre <strong>expertise<\/strong> dans <strong>quatre domaines d&rsquo;activit\u00e9 compl\u00e9mentaires<\/strong> directement li\u00e9s au management de votre entreprise.<\/p>\n<p style=\"text-align: justify;\">Le <strong>regard ext\u00e9rieur<\/strong> que nous portons sur le fonctionnement et la situation de votre entreprise vous permet de clarifier <strong>vos besoins en regard de vos objectifs de d\u00e9veloppement<\/strong>.<\/p>\n\n\n<div class=\"wp-block-columns has-2-columns is-layout-flex wp-container-core-columns-is-layout-1 wp-block-columns-is-layout-flex\">\n<div class=\"wp-block-column is-layout-flow wp-block-column-is-layout-flow\"><div class=\"ich-prefix\">\r\n\r\n    \r\n    <div class=\"row wcp-fgg-wrap\" style=\"width:auto;margin-left: -10px;margin-right: -10px;\">\r\n\r\n                                <div class=\"col-1-1\" style=\"padding: 10px;\">\r\n                <div class=\"ih-item square effect7\" id=\"wcp-widget-1117-0\">\r\n    <div class=\"wcp-ih-inner\">\r\n    <a  href=\"https:\/\/perspectio.fr\/index.php\/accompagnement-strategique\/\" target=\"_self\">        <div class=\"img\">\r\n            <img decoding=\"async\" src=\"https:\/\/perspectio.fr\/wp-content\/uploads\/2024\/04\/Logo-strategie-couleur.png\" title=\"Accompagnement strat\u00e9gique\" alt=\"Prestation-Accompagnement-Strat\u00e9gique\" \/>                \r\n        <\/div>\r\n        <div class=\"info\" style=\"background-color: #2d2d2d;color:;\">\r\n            <div >\r\n                <h3 style=\"font-size:;background-color:#22bde8;\">\r\n                    Accompagnement strat\u00e9gique                <\/h3>\r\n                <div class=\"bottom-caption\" style=\"text-align: auto;\">\r\n                    <p>Voir plus<\/p><p><img fetchpriority=\"high\" decoding=\"async\" class=\"alignnone size-full wp-image-1680\" src=\"https:\/\/perspectio.fr\/wp-content\/uploads\/2021\/06\/arrows-2899885_1920.jpg\" alt=\"\" width=\"1920\" height=\"1280\" srcset=\"https:\/\/perspectio.fr\/wp-content\/uploads\/2021\/06\/arrows-2899885_1920.jpg 1920w, https:\/\/perspectio.fr\/wp-content\/uploads\/2021\/06\/arrows-2899885_1920-300x200.jpg 300w, https:\/\/perspectio.fr\/wp-content\/uploads\/2021\/06\/arrows-2899885_1920-1024x683.jpg 1024w, https:\/\/perspectio.fr\/wp-content\/uploads\/2021\/06\/arrows-2899885_1920-768x512.jpg 768w, https:\/\/perspectio.fr\/wp-content\/uploads\/2021\/06\/arrows-2899885_1920-1536x1024.jpg 1536w, https:\/\/perspectio.fr\/wp-content\/uploads\/2021\/06\/arrows-2899885_1920-272x182.jpg 272w\" sizes=\"(max-width: 1920px) 100vw, 1920px\" \/><\/p><p>\u00a0<\/p>                <\/div>\r\n            <\/div>\r\n        <\/div>\r\n    <\/div>\r\n    <\/a><\/div>\r\n<style>\r\n    #wcp-widget-1117-0 .info h3 {\r\n        color: ;\r\n    }    \r\n    #wcp-widget-1117-0 .info .bottom-caption * {\r\n        color: ;\r\n    }    \r\n<\/style>            <\/div>\r\n            \r\n            <\/div>\r\n    \r\n\r\n    \r\n    <div class=\"clearfix\"><\/div>\r\n    \r\n<\/div>\n\n\n\n<p><\/p>\n<\/div>\n\n\n\n<div class=\"wp-block-column is-layout-flow wp-block-column-is-layout-flow\"><div class=\"ich-prefix\">\r\n\r\n    \r\n    <div class=\"row wcp-fgg-wrap\" style=\"width:auto;margin-left: -10px;margin-right: -10px;\">\r\n\r\n                                <div class=\"col-1-1\" style=\"padding: 10px;\">\r\n                <div class=\"ih-item square effect7\" id=\"wcp-widget-1124-0\">\r\n    <div class=\"wcp-ih-inner\">\r\n    <a  href=\"https:\/\/perspectio.fr\/index.php\/pilotage-performance-financiere\/\" target=\"_self\">        <div class=\"img\">\r\n            <img decoding=\"async\" src=\"https:\/\/perspectio.fr\/wp-content\/uploads\/2024\/04\/Logo-pilotage-couleur.png\" title=\"Pilotage & performance financi\u00e8re\" alt=\"Pilotage-et-performance-financi\u00e8re\" \/>                \r\n        <\/div>\r\n        <div class=\"info\" style=\"background-color: #2d2d2d;color:;\">\r\n            <div >\r\n                <h3 style=\"font-size:;background-color:#e07700;\">\r\n                    Pilotage & performance financi\u00e8re                <\/h3>\r\n                <div class=\"bottom-caption\" style=\"text-align: auto;\">\r\n                    <p>Voir plus<img decoding=\"async\" class=\"alignnone size-full wp-image-1678\" src=\"https:\/\/perspectio.fr\/wp-content\/uploads\/2021\/06\/businessman-3300907_1920.jpg\" alt=\"\" width=\"1920\" height=\"1202\" srcset=\"https:\/\/perspectio.fr\/wp-content\/uploads\/2021\/06\/businessman-3300907_1920.jpg 1920w, https:\/\/perspectio.fr\/wp-content\/uploads\/2021\/06\/businessman-3300907_1920-300x188.jpg 300w, https:\/\/perspectio.fr\/wp-content\/uploads\/2021\/06\/businessman-3300907_1920-1024x641.jpg 1024w, https:\/\/perspectio.fr\/wp-content\/uploads\/2021\/06\/businessman-3300907_1920-768x481.jpg 768w, https:\/\/perspectio.fr\/wp-content\/uploads\/2021\/06\/businessman-3300907_1920-1536x962.jpg 1536w\" sizes=\"(max-width: 1920px) 100vw, 1920px\" \/><\/p>                <\/div>\r\n            <\/div>\r\n        <\/div>\r\n    <\/div>\r\n    <\/a><\/div>\r\n<style>\r\n    #wcp-widget-1124-0 .info h3 {\r\n        color: ;\r\n    }    \r\n    #wcp-widget-1124-0 .info .bottom-caption * {\r\n        color: ;\r\n    }    \r\n<\/style>            <\/div>\r\n            \r\n            <\/div>\r\n    \r\n\r\n    \r\n    <div class=\"clearfix\"><\/div>\r\n    \r\n<\/div>\n<\/div>\n<\/div>\n\n\n\n<div class=\"wp-block-columns has-2-columns is-layout-flex wp-container-core-columns-is-layout-2 wp-block-columns-is-layout-flex\">\n<div class=\"wp-block-column is-layout-flow wp-block-column-is-layout-flow\"><div class=\"ich-prefix\">\r\n\r\n    \r\n    <div class=\"row wcp-fgg-wrap\" style=\"width:auto;margin-left: -10px;margin-right: -10px;\">\r\n\r\n                                <div class=\"col-1-1\" style=\"padding: 10px;\">\r\n                <div class=\"ih-item square effect7\" id=\"wcp-widget-1127-0\">\r\n    <div class=\"wcp-ih-inner\">\r\n    <a  href=\"https:\/\/perspectio.fr\/index.php\/demarche-rse\/\" target=\"_self\">        <div class=\"img\">\r\n            <img decoding=\"async\" src=\"https:\/\/perspectio.fr\/wp-content\/uploads\/2024\/04\/Logo-RSE-couleur.png\" title=\"Responsabilit\u00e9 Soci\u00e9tale\" alt=\"Prestation-D\u00e9marche RSE\" \/>                \r\n        <\/div>\r\n        <div class=\"info\" style=\"background-color: #2d2d2d;color:;\">\r\n            <div >\r\n                <h3 style=\"font-size:;background-color:#00726b;\">\r\n                    Responsabilit\u00e9 Soci\u00e9tale                <\/h3>\r\n                <div class=\"bottom-caption\" style=\"text-align: auto;\">\r\n                    <p>Voir plus<img decoding=\"async\" class=\"alignnone size-full wp-image-1679\" src=\"https:\/\/perspectio.fr\/wp-content\/uploads\/2021\/06\/A8L7QYB1JW.jpg\" alt=\"\" width=\"960\" height=\"640\" srcset=\"https:\/\/perspectio.fr\/wp-content\/uploads\/2021\/06\/A8L7QYB1JW.jpg 960w, https:\/\/perspectio.fr\/wp-content\/uploads\/2021\/06\/A8L7QYB1JW-300x200.jpg 300w, https:\/\/perspectio.fr\/wp-content\/uploads\/2021\/06\/A8L7QYB1JW-768x512.jpg 768w, https:\/\/perspectio.fr\/wp-content\/uploads\/2021\/06\/A8L7QYB1JW-272x182.jpg 272w\" sizes=\"(max-width: 960px) 100vw, 960px\" \/><\/p>                <\/div>\r\n            <\/div>\r\n        <\/div>\r\n    <\/div>\r\n    <\/a><\/div>\r\n<style>\r\n    #wcp-widget-1127-0 .info h3 {\r\n        color: ;\r\n    }    \r\n    #wcp-widget-1127-0 .info .bottom-caption * {\r\n        color: ;\r\n    }    \r\n<\/style>            <\/div>\r\n            \r\n            <\/div>\r\n    \r\n\r\n    \r\n    <div class=\"clearfix\"><\/div>\r\n    \r\n<\/div>\n<\/div>\n\n\n\n<div class=\"wp-block-column is-layout-flow wp-block-column-is-layout-flow\"><div class=\"ich-prefix\">\r\n\r\n    \r\n    <div class=\"row wcp-fgg-wrap\" style=\"width:auto;margin-left: -10px;margin-right: -10px;\">\r\n\r\n                                <div class=\"col-1-1\" style=\"padding: 10px;\">\r\n                <div class=\"ih-item square effect7\" id=\"wcp-widget-1129-0\">\r\n    <div class=\"wcp-ih-inner\">\r\n    <a  href=\"https:\/\/perspectio.fr\/index.php\/demarche-qualite\/\" target=\"_self\">        <div class=\"img\">\r\n            <img decoding=\"async\" src=\"https:\/\/perspectio.fr\/wp-content\/uploads\/2024\/04\/Logo-qualite-couleur.png\" title=\"D\u00e9marches Qualit\u00e9\" alt=\"Prestation-Qualit\u00e9\" \/>                \r\n        <\/div>\r\n        <div class=\"info\" style=\"background-color: #2d2d2d;color:;\">\r\n            <div >\r\n                <h3 style=\"font-size:;background-color:#e5c600;\">\r\n                    D\u00e9marches Qualit\u00e9                <\/h3>\r\n                <div class=\"bottom-caption\" style=\"text-align: auto;\">\r\n                    <p><img loading=\"lazy\" decoding=\"async\" class=\"alignnone size-full wp-image-1677\" src=\"https:\/\/perspectio.fr\/wp-content\/uploads\/2021\/06\/mark-516277_1920.jpg\" alt=\"\" width=\"1920\" height=\"1355\" srcset=\"https:\/\/perspectio.fr\/wp-content\/uploads\/2021\/06\/mark-516277_1920.jpg 1920w, https:\/\/perspectio.fr\/wp-content\/uploads\/2021\/06\/mark-516277_1920-300x212.jpg 300w, https:\/\/perspectio.fr\/wp-content\/uploads\/2021\/06\/mark-516277_1920-1024x723.jpg 1024w, https:\/\/perspectio.fr\/wp-content\/uploads\/2021\/06\/mark-516277_1920-768x542.jpg 768w, https:\/\/perspectio.fr\/wp-content\/uploads\/2021\/06\/mark-516277_1920-1536x1084.jpg 1536w\" sizes=\"(max-width: 1920px) 100vw, 1920px\" \/><\/p>                <\/div>\r\n            <\/div>\r\n        <\/div>\r\n    <\/div>\r\n    <\/a><\/div>\r\n<style>\r\n    #wcp-widget-1129-0 .info h3 {\r\n        color: ;\r\n    }    \r\n    #wcp-widget-1129-0 .info .bottom-caption * {\r\n        color: ;\r\n    }    \r\n<\/style>            <\/div>\r\n            \r\n            <\/div>\r\n    \r\n\r\n    \r\n    <div class=\"clearfix\"><\/div>\r\n    \r\n<\/div>\n<\/div>\n<\/div>\n","protected":false},"excerpt":{"rendered":"<p>D\u00e9couvrez nos prestations Le d\u00e9veloppement de vos activit\u00e9s d\u00e9pend de la capacit\u00e9 de votre structure \u00e0 s&rsquo;adapter \u00e0 son environnement. Pour r\u00e9pondre aux attentes de vos parties prenantes (clients, fournisseurs, salari\u00e9s, financeurs&#8230;) il est essentiel d&rsquo;adopter une organisation permettant de rationnaliser votre Syst\u00e8me de Management et de ma\u00eetriser vos risques. C&rsquo;est pourquoi nous vous proposons notre expertise dans quatre domaines d&rsquo;activit\u00e9 compl\u00e9mentaires directement li\u00e9s au management de votre entreprise. Le regard ext\u00e9rieur que nous portons sur le fonctionnement et la situation de votre entreprise vous permet de clarifier vos besoins en regard de vos objectifs de d\u00e9veloppement.<\/p>\n","protected":false},"author":1,"featured_media":0,"parent":0,"menu_order":0,"comment_status":"closed","ping_status":"closed","template":"","meta":{"_themeisle_gutenberg_block_has_review":false,"footnotes":""},"class_list":["post-70","page","type-page","status-publish","hentry"],"_links":{"self":[{"href":"https:\/\/perspectio.fr\/index.php\/wp-json\/wp\/v2\/pages\/70","targetHints":{"allow":["GET"]}}],"collection":[{"href":"https:\/\/perspectio.fr\/index.php\/wp-json\/wp\/v2\/pages"}],"about":[{"href":"https:\/\/perspectio.fr\/index.php\/wp-json\/wp\/v2\/types\/page"}],"author":[{"embeddable":true,"href":"https:\/\/perspectio.fr\/index.php\/wp-json\/wp\/v2\/users\/1"}],"replies":[{"embeddable":true,"href":"https:\/\/perspectio.fr\/index.php\/wp-json\/wp\/v2\/comments?post=70"}],"version-history":[{"count":2,"href":"https:\/\/perspectio.fr\/index.php\/wp-json\/wp\/v2\/pages\/70\/revisions"}],"predecessor-version":[{"id":11712,"href":"https:\/\/perspectio.fr\/index.php\/wp-json\/wp\/v2\/pages\/70\/revisions\/11712"}],"wp:attachment":[{"href":"https:\/\/perspectio.fr\/index.php\/wp-json\/wp\/v2\/media?parent=70"}],"curies":[{"name":"wp","href":"https:\/\/api.w.org\/{rel}","templated":true}]}}