{"id":26,"date":"2018-12-14T11:03:15","date_gmt":"2018-12-14T10:03:15","guid":{"rendered":"http:\/\/perspectio.fr\/?page_id=26"},"modified":"2025-01-28T09:17:24","modified_gmt":"2025-01-28T08:17:24","slug":"a-propos-de","status":"publish","type":"page","link":"https:\/\/perspectio.fr\/index.php\/a-propos-de\/","title":{"rendered":"Votre interlocuteur"},"content":{"rendered":"\n<div class=\"wp-block-image is-style-rounded\"><figure class=\"aligncenter size-medium is-resized\"><img decoding=\"async\" src=\"https:\/\/perspectio.fr\/wp-content\/uploads\/2022\/12\/Profil-PL_FB-300x244.png\" alt=\"\" class=\"wp-image-7950\" width=\"210\" srcset=\"https:\/\/perspectio.fr\/wp-content\/uploads\/2022\/12\/Profil-PL_FB-300x244.png 300w, https:\/\/perspectio.fr\/wp-content\/uploads\/2022\/12\/Profil-PL_FB.png 554w\" sizes=\"(max-width: 300px) 100vw, 300px\" \/><figcaption><strong>Pierre LIMOUZIN<br>Consultant en organisation et management<\/strong><\/figcaption><\/figure><\/div>\n\n\n<p style=\"text-align: justify;\">J&rsquo;ai plus de <strong>27 ans d\u2019exp\u00e9rience<\/strong> en PME (dans un contexte de groupes internationaux). Ces ann\u00e9es de pratique en tant que <strong>directeur administratif et financier<\/strong> me permettent de bien conna\u00eetre les activit\u00e9s comptables, financi\u00e8res et administratives des PME. Ainsi, je ma\u00eetrise aussi bien les aspects op\u00e9rationnels que fonctionnels.&nbsp;<\/p>\n<p style=\"text-align: justify;\">Durant ces ann\u00e9es j&rsquo;ai men\u00e9 plusieurs projets dans diff\u00e9rents domaines comme par exemple :<\/p>\n<ul id=\"mce_19\" class=\"editor-rich-text__tinymce mce-content-body\" role=\"textbox\" contenteditable=\"true\" aria-label=\"R\u00e9digez une liste\u2026\" aria-autocomplete=\"list\" aria-multiline=\"true\" data-is-placeholder-visible=\"false\">\n<li style=\"text-align: justify;\"><strong>le contr\u00f4le de gestion<\/strong>&nbsp;: mise en \u0153uvre m\u00e9thodologie ABC\/ABM, optimisation de la gestion des stocks,<\/li>\n<li style=\"text-align: justify;\"><strong>les ressources humaines<\/strong> : recrutements, mise en place et conduite d&rsquo;entretiens professionnels, mise en place d&rsquo;accords collectifs, mise en place d\u2019une GEPEC,<\/li>\n<li style=\"text-align: justify;\"><strong>l&rsquo;informatique<\/strong>&nbsp;: mutation de l\u2019ensemble des fonctions vers un ERP, mutation d\u2019une base comptable vers un ERP, r\u00e9alisation de bases de donn\u00e9es sous ACCESS.<\/li>\n<\/ul>\n<p style=\"text-align: justify;\">A travers le d\u00e9ploiement de ces projets par nature transversaux, <strong>j&rsquo;ai<\/strong> d&rsquo;une part <strong>acquis un savoir-faire<\/strong> et d&rsquo;autre part d\u00e9velopp\u00e9 un int\u00e9r\u00eat particulier <strong>pour la gestion de projet<\/strong>. Cela m&rsquo;a \u00e9galement amen\u00e9 \u00e0 consid\u00e9rer les apports du management participatif.<\/p>\n<p style=\"text-align: justify;\">Ainsi, j\u2019ai mesur\u00e9 la n\u00e9cessit\u00e9 de concilier les imp\u00e9ratifs de rentabilit\u00e9 avec l\u2019\u00e9panouissement des collaborateurs. En d&rsquo;autres termes, <strong>favoriser l\u2019implication de tous<\/strong> au travers d\u2019\u00e9changes constructifs est <strong>la meilleure voie vers l\u2019optimisation des performances<\/strong>.<\/p>\n<p style=\"text-align: justify;\">J&rsquo;ai fond\u00e9 <strong>PERSPECTIO Conseil<\/strong> pour mettre mon exp\u00e9rience et mes comp\u00e9tences <strong>au profit des TPE et des PME<\/strong>. Les m\u00e9thodes et les outils propos\u00e9s permettent \u00e0 la fois l&rsquo;<strong>optimisation des performances<\/strong> et l&rsquo;<strong>\u00e9panouissement des collaborateurs<\/strong>.<\/p>\n<p><\/p>\n\n\n<h4 class=\"wp-block-heading\">Engagements professionnels<\/h4>\n\n\n<ul>\n<li>Co-pr\u00e9sident de la <strong>C<\/strong>hambre <strong>P<\/strong>rofessionnelle du <strong>C<\/strong>onseil Centre &#8211; Val de Loire (depuis 2021)<\/li>\n<li style=\"text-align: justify;\">Administrateur URSSAF et pr\u00e9sident de l\u2019<strong>I<\/strong>nstance <strong>D<\/strong>\u00e9partementale d\u2019<strong>I<\/strong>nstruction des <strong>R<\/strong>ecours <strong>A<\/strong>miables de l\u2019URSSAF de Loir-et-Cher &#8211; (2010 &#8211; 2015)<\/li>\n<li style=\"text-align: justify;\">Membre du <strong>C<\/strong>omit\u00e9 <strong>T<\/strong>echnique <strong>R<\/strong>\u00e9gional (CTR3) du CARSAT CENTRE (\u00e9laboration et adoption de \u00ab\u00a0dispositions g\u00e9n\u00e9rales\u00a0\u00bb et de recommandations en mati\u00e8re de pr\u00e9vention des risques professionnels) &#8211; (2013 &#8211; 2017)<\/li>\n<li style=\"text-align: justify;\">Accompagnement de classes de coll\u00e9giens dans le cadre du concours \u00ab\u00a0Jeunes reporters en entreprise\u00a0\u00bb<\/li>\n<\/ul>\n\n\n<h4 class=\"wp-block-heading\">Formation et certification<\/h4>\n\n\n\n<div class=\"wp-block-columns is-layout-flex wp-container-core-columns-is-layout-1 wp-block-columns-is-layout-flex\">\n<div class=\"wp-block-column is-layout-flow wp-block-column-is-layout-flow\">\n<p>Outre ma formation initiale dans le domaine comptable et financier, je suis titulaire du <strong>Dipl\u00f4me Universitaire<\/strong> de <strong>Consultant en Organisation et Management<\/strong> de l&rsquo;IAE de La Rochelle &#8211; \u00c9cole Universitaire de Management.&nbsp;<img decoding=\"async\" class=\"wp-image-7952  aligncenter\" src=\"https:\/\/perspectio.fr\/wp-content\/uploads\/2022\/12\/Logo-IAE-La-Rochelle.png\" alt=\"Logo IAE de La Rochelle\" width=\"111\" height=\"112\" srcset=\"https:\/\/perspectio.fr\/wp-content\/uploads\/2022\/12\/Logo-IAE-La-Rochelle.png 250w, https:\/\/perspectio.fr\/wp-content\/uploads\/2022\/12\/Logo-IAE-La-Rochelle-150x150.png 150w\" sizes=\"(max-width: 111px) 100vw, 111px\" \/><\/p>\n<\/div>\n\n\n\n<div class=\"wp-block-column is-layout-flow wp-block-column-is-layout-flow\">\n<p>Je suis <strong>certifi\u00e9 par AFNOR Comp\u00e9tences<\/strong> en tant qu&rsquo;<strong>Auditeur fournisseur de prestations de formation<\/strong>.<\/p>\n<p><\/p>\n<p><img decoding=\"async\" class=\"wp-image-2372 aligncenter\" src=\"https:\/\/perspectio.fr\/wp-content\/uploads\/2021\/12\/ACP_auditeur-fournisseur-prestations-formation.jpg\" alt=\"\" width=\"132\" height=\"126\" srcset=\"https:\/\/perspectio.fr\/wp-content\/uploads\/2021\/12\/ACP_auditeur-fournisseur-prestations-formation.jpg 680w, https:\/\/perspectio.fr\/wp-content\/uploads\/2021\/12\/ACP_auditeur-fournisseur-prestations-formation-300x286.jpg 300w\" sizes=\"(max-width: 132px) 100vw, 132px\" \/><\/p>\n<\/div>\n<\/div>\n\n\n\n<p><\/p>\n","protected":false},"excerpt":{"rendered":"<p>J&rsquo;ai plus de 27 ans d\u2019exp\u00e9rience en PME (dans un contexte de groupes internationaux). Ces ann\u00e9es de pratique en tant que directeur administratif et financier me permettent de bien conna\u00eetre les activit\u00e9s comptables, financi\u00e8res et administratives des PME. Ainsi, je ma\u00eetrise aussi bien les aspects op\u00e9rationnels que fonctionnels.&nbsp; Durant ces ann\u00e9es j&rsquo;ai men\u00e9 plusieurs projets dans diff\u00e9rents domaines comme par exemple : le contr\u00f4le de gestion&nbsp;: mise en \u0153uvre m\u00e9thodologie ABC\/ABM, optimisation de la gestion des stocks, les ressources humaines : recrutements, mise en place et conduite d&rsquo;entretiens professionnels, mise en place d&rsquo;accords collectifs, mise en place d\u2019une GEPEC, l&rsquo;informatique&nbsp;: mutation de l\u2019ensemble des fonctions vers un ERP, mutation d\u2019une base comptable vers un ERP, r\u00e9alisation de bases de donn\u00e9es sous ACCESS. A travers le d\u00e9ploiement de ces projets par nature transversaux, j&rsquo;ai d&rsquo;une part acquis un savoir-faire et d&rsquo;autre part d\u00e9velopp\u00e9 un int\u00e9r\u00eat particulier pour la gestion de projet. Cela m&rsquo;a \u00e9galement amen\u00e9 \u00e0 consid\u00e9rer les apports du management participatif. Ainsi, j\u2019ai mesur\u00e9 la n\u00e9cessit\u00e9 de concilier les imp\u00e9ratifs de rentabilit\u00e9 avec l\u2019\u00e9panouissement des collaborateurs. En d&rsquo;autres termes, favoriser l\u2019implication de tous au travers d\u2019\u00e9changes constructifs est la meilleure voie vers l\u2019optimisation des performances. J&rsquo;ai fond\u00e9 PERSPECTIO Conseil pour mettre mon exp\u00e9rience et mes comp\u00e9tences au profit des TPE et des PME. Les m\u00e9thodes et les outils propos\u00e9s permettent \u00e0 la fois l&rsquo;optimisation des performances et l&rsquo;\u00e9panouissement des collaborateurs. Engagements professionnels Co-pr\u00e9sident de la Chambre Professionnelle du Conseil Centre &#8211; Val de Loire (depuis 2021) Administrateur URSSAF et pr\u00e9sident de l\u2019Instance D\u00e9partementale d\u2019Instruction des Recours Amiables de l\u2019URSSAF de Loir-et-Cher &#8211; (2010 &#8211; 2015) Membre du Comit\u00e9 Technique R\u00e9gional (CTR3) du CARSAT CENTRE (\u00e9laboration et adoption de \u00ab\u00a0dispositions g\u00e9n\u00e9rales\u00a0\u00bb et de recommandations en mati\u00e8re de pr\u00e9vention des risques professionnels) &#8211; (2013 &#8211; 2017) Accompagnement de classes de coll\u00e9giens dans le cadre du concours \u00ab\u00a0Jeunes reporters en entreprise\u00a0\u00bb Formation et certification Outre ma formation initiale dans le domaine comptable et financier, je suis titulaire du Dipl\u00f4me Universitaire de Consultant en Organisation et Management de l&rsquo;IAE de La Rochelle &#8211; \u00c9cole Universitaire de Management.&nbsp; Je suis certifi\u00e9 par AFNOR Comp\u00e9tences en tant qu&rsquo;Auditeur fournisseur de prestations de formation.<\/p>\n","protected":false},"author":1,"featured_media":0,"parent":0,"menu_order":0,"comment_status":"closed","ping_status":"closed","template":"","meta":{"_themeisle_gutenberg_block_has_review":false,"footnotes":""},"class_list":["post-26","page","type-page","status-publish","hentry"],"_links":{"self":[{"href":"https:\/\/perspectio.fr\/index.php\/wp-json\/wp\/v2\/pages\/26","targetHints":{"allow":["GET"]}}],"collection":[{"href":"https:\/\/perspectio.fr\/index.php\/wp-json\/wp\/v2\/pages"}],"about":[{"href":"https:\/\/perspectio.fr\/index.php\/wp-json\/wp\/v2\/types\/page"}],"author":[{"embeddable":true,"href":"https:\/\/perspectio.fr\/index.php\/wp-json\/wp\/v2\/users\/1"}],"replies":[{"embeddable":true,"href":"https:\/\/perspectio.fr\/index.php\/wp-json\/wp\/v2\/comments?post=26"}],"version-history":[{"count":7,"href":"https:\/\/perspectio.fr\/index.php\/wp-json\/wp\/v2\/pages\/26\/revisions"}],"predecessor-version":[{"id":7957,"href":"https:\/\/perspectio.fr\/index.php\/wp-json\/wp\/v2\/pages\/26\/revisions\/7957"}],"wp:attachment":[{"href":"https:\/\/perspectio.fr\/index.php\/wp-json\/wp\/v2\/media?parent=26"}],"curies":[{"name":"wp","href":"https:\/\/api.w.org\/{rel}","templated":true}]}}